{"id":101,"date":"2018-11-04T21:19:55","date_gmt":"2018-11-04T20:19:55","guid":{"rendered":"http:\/\/moeebjerggaard.dk\/?page_id=101"},"modified":"2026-04-17T23:13:21","modified_gmt":"2026-04-17T21:13:21","slug":"dokumenter","status":"publish","type":"page","link":"https:\/\/moeebjerggaard.dk\/?page_id=101","title":{"rendered":"Dokumenter"},"content":{"rendered":"<p><strong>Aktuelle dokumenter<\/strong><\/p>\n<p>Referat fra seneste generalforsamling: <a href=\"https:\/\/moeebjerggaard.dk\/wp-content\/uploads\/2026\/03\/Referat-af-ordinaer-generalforsamling-i-Grundejerforeningen-Moeebjerggaard-1.docx\">Referat GF 2026<\/a><br \/>\nSeneste regnskab: <a href=\"https:\/\/moeebjerggaard.dk\/wp-content\/uploads\/2026\/04\/Endeligt-regnskab-fra-2015-til-2025.xls\">Regnskab 2025<\/a><br \/>\nForventet budget: <a href=\"https:\/\/moeebjerggaard.dk\/wp-content\/uploads\/2026\/04\/Forventet-budget-2026.xls\">2026<\/a><br \/>\nForventet 10 \u00e5rs budget &#8211; skift af veje: <a href=\"https:\/\/moeebjerggaard.dk\/wp-content\/uploads\/2026\/03\/10-aars-budget-Skift-af-veje-Grundejerforeningen-Moeebjerggaard-med-noter.pdf\">2026<\/a><br \/>\nForenings vedt\u00e6gter: <a href=\"https:\/\/moeebjerggaard.dk\/wp-content\/uploads\/2021\/06\/Grundejerforeningen-Moeebjerggaards-vedtaegter-2021.pdf\">G\u00e6ldende Vedt\u00e6gter 2021<\/a><\/p>\n<p><strong>Generalforsamlinger<\/strong><\/p>\n<p>Referat fra generalforsamling: <a href=\"https:\/\/moeebjerggaard.dk\/wp-content\/uploads\/2025\/04\/Referat-Generalforsamling-2025.pdf\">Referat GF 2025<\/a><\/p>\n<p>Referat fra generalforsamling: <a href=\"https:\/\/moeebjerggaard.dk\/wp-content\/uploads\/2024\/03\/21-marts-2024-Referat-af-ordinaer-generalforsamling-i-Grundejerforeningen-Moeebjerggaard_v03.docx\">Referat GF 2024<\/a><\/p>\n<p>Referat fra generalforsamling: <a href=\"https:\/\/moeebjerggaard.dk\/wp-content\/uploads\/2023\/04\/Generalforsamling-2023.docx\">Referat GF 2023<\/a><\/p>\n<p>Referat fra generalforsamling: <a href=\"https:\/\/moeebjerggaard.dk\/wp-content\/uploads\/2022\/04\/generalforsamling-2022.docx\">Referat GF 2022<\/a> (<a href=\"https:\/\/moeebjerggaard.dk\/wp-content\/uploads\/2022\/04\/Budget-pa_-veje.pdf\">Bilag<\/a>)<\/p>\n<p>Referat fra generalforsamling: <a href=\"https:\/\/moeebjerggaard.dk\/?attachment_id=362\">Referat GF 2021<\/a><br \/>\nReferat fra Ekstraordin\u00e6r generalforsamling: <a href=\"https:\/\/moeebjerggaard.dk\/?attachment_id=363\">Referat EGF 2021<\/a><\/p>\n<p>Referat fra generalforsamling 2020: <a href=\"https:\/\/moeebjerggaard.dk\/?attachment_id=323\">Referat 2020<\/a><\/p>\n<p>Referat fra generalforsamling 2019: <a href=\"https:\/\/moeebjerggaard.dk\/wp-content\/uploads\/2019\/04\/Referat-af-ordin\u00e6r-generalforsamling-27marts-2019-i-Grundejerforeningen-.._.docx\">Referat GF 2019<\/a><\/p>\n<p>Referat fra generalforsamlingen 2018: <a href=\"http:\/\/moeebjerggaard.dk\/wp-content\/uploads\/2018\/11\/Referat-af-ordin\u00e6r-generalforsamling-2018-1.pdf\">Referat GF 2018<\/a><br \/>\nReferat fra <a href=\"https:\/\/moeebjerggaard.dk\/wp-content\/uploads\/2019\/04\/Referat-fra-Ekstraordin\u00e6r-generalforsamling-s\u00f8ndag-d-15.pdf\" target=\"_blank\" rel=\"noopener noreferrer\">Ekstraordin\u00e6r generalforsamling 2018<\/a><\/p>\n<p>Referat fra generalforsamlingen 2017: <a href=\"http:\/\/moeebjerggaard.dk\/wp-content\/uploads\/2018\/11\/generalforsamling2017referat.pdf\" target=\"_blank\" rel=\"noopener noreferrer\">Referat GF 2017<\/a><\/p>\n<p>Referat fra generalforsamlingen 2016: <a href=\"http:\/\/moeebjerggaard.dk\/wp-content\/uploads\/2018\/11\/Generalforsamling2016.pdf\" target=\"_blank\" rel=\"noopener noreferrer\">Referat GF 2016<\/a><\/p>\n<p>Referat fra generalforsamlingen 2015: <a href=\"http:\/\/moeebjerggaard.dk\/wp-content\/uploads\/2018\/11\/referat_2015.pdf\" target=\"_blank\" rel=\"noopener noreferrer\">Referat GF 2015<\/a><\/p>\n<p>Referat fra generalforsamlingen 2014: <a href=\"http:\/\/moeebjerggaard.dk\/wp-content\/uploads\/2018\/11\/Referat-GF-2014.pdf\" target=\"_blank\" rel=\"noopener noreferrer\">Referat-GF-2014<\/a><\/p>\n<p>Referat fra generalforsamlingen 2013: <a href=\"http:\/\/moeebjerggaard.dk\/wp-content\/uploads\/2018\/11\/Referat-GF-2013.pdf\" target=\"_blank\" rel=\"noopener noreferrer\">Referat GF 2013<\/a><\/p>\n<p>Referat fra generalforsamlingen 2012: <a href=\"http:\/\/moeebjerggaard.dk\/wp-content\/uploads\/2018\/11\/Referat-GF-2012.pdf\" target=\"_blank\" rel=\"noopener noreferrer\">Referat GF 2012<\/a><\/p>\n<p>Referat fra generalforsamlingen 2011: <a href=\"http:\/\/moeebjerggaard.dk\/wp-content\/uploads\/2018\/11\/Referat-GF-2011.pdf\" target=\"_blank\" rel=\"noopener noreferrer\">Referat GF 2011<\/a><\/p>\n<p>Referat fra generalforsamlingen 2010: <a href=\"http:\/\/moeebjerggaard.dk\/wp-content\/uploads\/2018\/11\/Referat-GF-2010.pdf\" target=\"_blank\" rel=\"noopener noreferrer\">Referat GF 2010<\/a><\/p>\n<p>Referat fra generalforsamlingen 2009: <a href=\"http:\/\/moeebjerggaard.dk\/wp-content\/uploads\/2018\/11\/Referat-GF-2009.pdf\" target=\"_blank\" rel=\"noopener noreferrer\">Referat GF 2009<\/a><\/p>\n<p>Referat fra generalforsamlingen 2008: <a href=\"http:\/\/moeebjerggaard.dk\/wp-content\/uploads\/2018\/11\/Referat-GF-2008.pdf\" target=\"_blank\" rel=\"noopener noreferrer\">Referat GF 2008<\/a><\/p>\n<p>Referat fra generalforsamlingen 2007: <a href=\"http:\/\/moeebjerggaard.dk\/wp-content\/uploads\/2018\/11\/Referat-GF-2007.pdf\" target=\"_blank\" rel=\"noopener noreferrer\">Referat GF 2007<\/a><\/p>\n<p>Referat fra generalforsamlingen 2006: <a href=\"http:\/\/moeebjerggaard.dk\/wp-content\/uploads\/2018\/11\/Referat-GF-2006.pdf\" target=\"_blank\" rel=\"noopener noreferrer\">Referat GF 2006<\/a><\/p>\n<p>Det kr\u00e6ver at du har PDF Reader installeret \u2013 har du ikke det, kan programmet downloades gratis ved at klikke <a href=\"http:\/\/www.adobe.com\/products\/reader\/\">her<\/a>.<br \/>\nReferater fra generalforsamlinger f\u00f8r 2006 findes ikke online, men kan ses hos formanden efter aftale.<\/p>\n","protected":false},"excerpt":{"rendered":"<p>Aktuelle dokumenter Referat fra seneste generalforsamling: Referat GF 2026 Seneste regnskab: Regnskab 2025 Forventet budget: 2026 Forventet 10 \u00e5rs budget &#8211; skift af veje: 2026 Forenings vedt\u00e6gter: G\u00e6ldende Vedt\u00e6gter 2021 Generalforsamlinger Referat fra generalforsamling: Referat GF 2025 Referat fra generalforsamling: Referat GF 2024 Referat fra generalforsamling: Referat GF 2023 Referat fra generalforsamling: Referat GF 2022<\/p><\/div>\n<div class=\"blog-btn\"><a href=\"https:\/\/moeebjerggaard.dk\/?page_id=101\" class=\"home-blog-btn\">L\u00e6s mere <\/a><\/p>\n","protected":false},"author":1,"featured_media":0,"parent":0,"menu_order":0,"comment_status":"closed","ping_status":"closed","template":"","meta":{"footnotes":""},"class_list":["post-101","page","type-page","status-publish","hentry"],"_links":{"self":[{"href":"https:\/\/moeebjerggaard.dk\/index.php?rest_route=\/wp\/v2\/pages\/101","targetHints":{"allow":["GET"]}}],"collection":[{"href":"https:\/\/moeebjerggaard.dk\/index.php?rest_route=\/wp\/v2\/pages"}],"about":[{"href":"https:\/\/moeebjerggaard.dk\/index.php?rest_route=\/wp\/v2\/types\/page"}],"author":[{"embeddable":true,"href":"https:\/\/moeebjerggaard.dk\/index.php?rest_route=\/wp\/v2\/users\/1"}],"replies":[{"embeddable":true,"href":"https:\/\/moeebjerggaard.dk\/index.php?rest_route=%2Fwp%2Fv2%2Fcomments&post=101"}],"version-history":[{"count":50,"href":"https:\/\/moeebjerggaard.dk\/index.php?rest_route=\/wp\/v2\/pages\/101\/revisions"}],"predecessor-version":[{"id":500,"href":"https:\/\/moeebjerggaard.dk\/index.php?rest_route=\/wp\/v2\/pages\/101\/revisions\/500"}],"wp:attachment":[{"href":"https:\/\/moeebjerggaard.dk\/index.php?rest_route=%2Fwp%2Fv2%2Fmedia&parent=101"}],"curies":[{"name":"wp","href":"https:\/\/api.w.org\/{rel}","templated":true}]}}