{"id":106,"date":"2018-11-04T21:22:19","date_gmt":"2018-11-04T20:22:19","guid":{"rendered":"http:\/\/moeebjerggaard.dk\/?page_id=106"},"modified":"2026-03-31T00:00:37","modified_gmt":"2026-03-30T22:00:37","slug":"snerydning","status":"publish","type":"page","link":"https:\/\/moeebjerggaard.dk\/?page_id=106","title":{"rendered":"Snerydning"},"content":{"rendered":"<p><strong>Snerydningsordning<br \/><\/strong>Ordningen vedtages for 1 \u00e5r af gangen p\u00e5 den \u00e5rlige generalforsamling.<\/p>\n<p>Ordningen er p\u00e5 generalforsamlingen 2026 blevet atter vedtaget.<\/p>\n<p>Ordningen koster pt. kr. 700,00 pr. grundejer, som opkr\u00e6ves sammen med kontingent.<\/p>\n<p>Snerydningsordningen d\u00e6kker alene vejene \u2013 ikke fortove, stier og andet. Snerydningsordningen fritager IKKE den enkelte grundejer for dennes forpligtelse til snerydning og glatf\u00f8rebek\u00e6mpelse. Den enkelte grundejer har pligt til at rydde og glatf\u00f8rebek\u00e6mpe fortove og veje (ud til midten) omkring ens parcel. Snerydningsordningen er alene ment som en hj\u00e6lp til dette.<\/p>\n\n\n<p><\/p>\n","protected":false},"excerpt":{"rendered":"<p>SnerydningsordningOrdningen vedtages for 1 \u00e5r af gangen p\u00e5 den \u00e5rlige generalforsamling. Ordningen er p\u00e5 generalforsamlingen 2026 blevet atter vedtaget. Ordningen koster pt. kr. 700,00 pr. grundejer, som opkr\u00e6ves sammen med kontingent. Snerydningsordningen d\u00e6kker alene vejene \u2013 ikke fortove, stier og andet. Snerydningsordningen fritager IKKE den enkelte grundejer for dennes forpligtelse til snerydning og glatf\u00f8rebek\u00e6mpelse. Den<\/p><\/div>\n<div class=\"blog-btn\"><a href=\"https:\/\/moeebjerggaard.dk\/?page_id=106\" class=\"home-blog-btn\">L\u00e6s mere <\/a><\/p>\n","protected":false},"author":1,"featured_media":0,"parent":0,"menu_order":0,"comment_status":"closed","ping_status":"closed","template":"","meta":{"footnotes":""},"class_list":["post-106","page","type-page","status-publish","hentry"],"_links":{"self":[{"href":"https:\/\/moeebjerggaard.dk\/index.php?rest_route=\/wp\/v2\/pages\/106","targetHints":{"allow":["GET"]}}],"collection":[{"href":"https:\/\/moeebjerggaard.dk\/index.php?rest_route=\/wp\/v2\/pages"}],"about":[{"href":"https:\/\/moeebjerggaard.dk\/index.php?rest_route=\/wp\/v2\/types\/page"}],"author":[{"embeddable":true,"href":"https:\/\/moeebjerggaard.dk\/index.php?rest_route=\/wp\/v2\/users\/1"}],"replies":[{"embeddable":true,"href":"https:\/\/moeebjerggaard.dk\/index.php?rest_route=%2Fwp%2Fv2%2Fcomments&post=106"}],"version-history":[{"count":8,"href":"https:\/\/moeebjerggaard.dk\/index.php?rest_route=\/wp\/v2\/pages\/106\/revisions"}],"predecessor-version":[{"id":483,"href":"https:\/\/moeebjerggaard.dk\/index.php?rest_route=\/wp\/v2\/pages\/106\/revisions\/483"}],"wp:attachment":[{"href":"https:\/\/moeebjerggaard.dk\/index.php?rest_route=%2Fwp%2Fv2%2Fmedia&parent=106"}],"curies":[{"name":"wp","href":"https:\/\/api.w.org\/{rel}","templated":true}]}}