{"id":110,"date":"2018-11-04T21:23:44","date_gmt":"2018-11-04T20:23:44","guid":{"rendered":"http:\/\/moeebjerggaard.dk\/?page_id=110"},"modified":"2021-01-27T12:00:58","modified_gmt":"2021-01-27T11:00:58","slug":"nyheder","status":"publish","type":"page","link":"https:\/\/moeebjerggaard.dk\/?page_id=110","title":{"rendered":"Nyheder"},"content":{"rendered":"<p><strong>Januar 2021<br \/>\n<\/strong>S\u00e5 startede endnu et \u00e5r og desv\u00e6rre pr\u00e6ger Covid-19 stadigv\u00e6k bestyrelsens arbejde. Foreningen mangler forsat at f\u00e5 behandlet de forslag der er stille ved generalforsamlingen 2020. Det er planlagt, at den ekstraordin\u00e6re generalforsamling vil blive afholdt tilst\u00f8dende til den ordin\u00e6re generalforsamling 2021. Mere info vil blive udsendt n\u00e5r vi n\u00e6rmer os den ordin\u00e6re generalforsamling.<\/p>\n<p><strong>August 2020<br \/>\n<\/strong>Bestyrelse er ved at g\u00f8re klar til planl\u00e6gning af \u00e5rets generalforsamling.<br \/>\nEgedal fjernvarme vil blive gravet ned til dele af foreningen, da der ikke er mange tilmeldinger (Kornv\u00e6nget + slut Bygv\u00e6nget). Bestyrelsen deltager i vejsyn for at sikre, at foreningens veje ikke bliver leveret i en ringere stand end da fjernvarme projektet startede i foreningen. Foreningen har for nyligt f\u00e5et etableret nye vejbump med 15 \u00e5rs garanti.<\/p>\n<p><strong>Marts 2020<br \/>\n<\/strong>I denne m\u00e5ned skulle vi have afholdt den \u00e5rlige generalforsamling, men vi m\u00e5tte desv\u00e6rre aflyse denne pga. COVID-19. Bestyrelse vil s\u00e5 snart det er muligt f\u00e5 opsat en ny dato for vores generalforsamling.<strong><br \/>\n<\/strong><\/p>\n<p>Der er siden \u00e5rsskiftet blevet renset br\u00f8nde i hele foreningen. Vi har f\u00e5et lave nogle reparationer af vores fortorv og vej, da de var beskadig i s\u00e5dan omfang, at de var til faren for fodg\u00e6ngere.<\/p>\n<p><strong>Oktober 2019<br \/>\n<\/strong>Sommer er vel overst\u00e5et uden de store udfordringer i foreningen. Vi er hen over sommeren g\u00e5et over til brug af e-mail i foreningen og fremover ville alle informationer, indkaldelser, kontingent indbetalinger etc. foreg\u00e5 via e-mail. Vi opfordre alle til at kontrollere deres &#8220;spam&#8221; folder og whiteliste foreningens e-mail hvis den m\u00e5tte havne der i.<\/p>\n<p>Vi g\u00e5r efter\u00e5ret i m\u00f8de og i den anledning vil vi f\u00e5 suget nogle af vore kloakbr\u00f8nde, da de tr\u00e6nger til en k\u00e6rlig h\u00e5nd.<\/p>\n<p>Lange Maren dag er lige om hj\u00f8rnet og bestyrelsen h\u00e5ber at alle bakker op om denne og deltager. S\u00e5 frem der ikke er 15 parceller der tilmelder sig, s\u00e5 har bestyrelsen besluttet og foreningen betaler sig fra dette.<\/p>\n<p><strong>Maj 2019<br \/>\n<\/strong>Foreningen har endnu engang f\u00e5et p\u00e5k\u00f8rt en pullert. Den uheldige der havde p\u00e5k\u00f8rt vores pullert blev hurtigt fundet og en l\u00f8sning blev fundet. Vores pullert er netop genetableret, dog med vores nye type pullert.<\/p>\n<p>Etablering af nye vejbump, samt pullert er netop blevet opsat. Der ses allerede en reaktion p\u00e5 dette, ved at bilisterne ikke k\u00f8re s\u00e5 st\u00e6rkt mere. Vi siger tak til de fremm\u00f8dte og super godt arbejde!<\/p>\n<p><strong>April 2019<br \/>\n<\/strong>Den \u00e5rlige generalforsamling er vel overst\u00e5et og der blev vedtaget at foreningen skulle have fartd\u00e6mpende foranstaltninger (vejbump) p\u00e5 resten af foreningens veje. Hele omr\u00e5det bliver herved klassificeret som 30 km\/t zone. Bestyrelsen ser frem til dette bliver implementeret. Bestyrelsen har konstitueret sig selv, som kan l\u00e6ses i menuen &#8220;bestyrelsen&#8221;<\/p>\n<p>Referat for generalforsamlingen 2019 er nu tilg\u00e6ngelig p\u00e5 vores hjemmeside.<\/p>\n<p><strong>Marts 2019<br \/>\n<\/strong>Der er netop indkaldt til ordin\u00e6r generalforsamling som afholdes Onsdag d. 27 Marts kl. 19:00 Det afholdes i kantinen p\u00e5 L\u00e6rkeskolen, hvor der er indgang fra Pr\u00e6steg\u00e5rdsvej (parkeringspladsen)<\/p>\n<p><strong>Januar\u00a0 2019<br \/>\n<\/strong>Bestyrelsen h\u00e5ber alle er kommet godt ind i det nye \u00e5r.<br \/>\nRenoveringen af vores veje er blevet godkendt og vi vil f\u00f8lge op p\u00e5 dette yderligere i for\u00e5ret 2019. Vi er nu s\u00e5 sm\u00e5t ved at g\u00f8re klar til \u00e5rets generalforsamling, som afholdes den 27\/3-2019 kl. 19:00 i kantinen p\u00e5 L\u00e6rkeskolen. Skrivelse herom vil blive omdelt til alle husstande senest den 27\/2-2019.<\/p>\n<p><strong>November 2018<br \/>\n<\/strong>Vi har f\u00e5et ny hjemme side i form af en mindre opdatering af vores layout.<br \/>\nNCC har nu klartmeldt, at de er f\u00e6rdige med at renovere vores vejen.<br \/>\nNy, Billigere og bedre pullert er monteret p\u00e5 en af vores asfalt bump. Denne skal kunne t\u00e5le p\u00e5k\u00f8rsler, da den er lavet af kulfiber. Fremover vil denne type pullert blive anvendt i foreningen.<br \/>\nVi er i dialog med kommunen vedr. ansvar for vejskilte i foreningen.<\/p>\n<p><strong>Oktober 2018<br \/>\n<\/strong>Oliven Ree Deleuran har valgt at tr\u00e6de ud af bestyrelsen.<br \/>\nI den forbindelse vil bestyrelsen gerne takke Oliver for hans k\u00e6mpe indsats for foreningen.<\/p>\n<p>Bestyrelsen har konstitueret sig som f\u00f8lgende:<br \/>\nFormand: Thomas Cond\u00e9 Hansen, Havrev\u00e6nget 5<br \/>\nKasserer\/N\u00e6stformand: Kit Ervolder, M\u00f8ebjergvej 17<br \/>\nLangemaren Ansvarlig\/Materielforvalter:\u00a0Mogens Hansen, Bygv\u00e6nget 10<br \/>\nReferent: Susanne Jensen, M\u00f8ebjergvej 16<br \/>\nBestyrelsesmedlem: Henning Schmidt<\/p>\n<p><strong>April 2017<br \/>\n<\/strong>P\u00e5 generalforsamling var der info fra Egedal fjernvarme<\/p>\n<p>Bestyrelsen har konstitueret sig som f\u00f8lgende:<br \/>\nFormand: Oliver Ree Deleuran, Havrev\u00e6nget 9<br \/>\nN\u00e6stformand\/Vejansvarlig: Thomas Cond\u00e9 Hansen, Havrev\u00e6nget 5<br \/>\nKasserer: Kit Ervolder, M\u00f8ebjergvej 17<br \/>\nLangemaren Ansvarlig\/Materielforvalter: Mogens Hansen, Bygv\u00e6nget 10<br \/>\nReferent: Susanne Jensen, M\u00f8ebjergvej 16<\/p>\n<p><strong>Juni 2016<br \/>\n<\/strong>Tak for en hyggelig generalforsamling!<br \/>\nBestyrelsen har konstitueret sig som f\u00f8lgende:<br \/>\nFormand: Oliver Ree Deleuran<br \/>\nN\u00e6stformand: Thomas Cond\u00e9 Hansen<br \/>\nKasserer: Kit Ervolder<br \/>\nReferent: Lisa Carlsen<br \/>\nVejansvarlig: Freddy Andersen<\/p>\n<p><strong>April 2015<br \/>\n<\/strong>Bestyrelsen har konstitueret sig som f\u00f8lgende:<br \/>\nFormand:\u00a0Oliver Ree Deleuran, Havrev\u00e6nget 9<br \/>\nN\u00e6stformand &amp; Referent: Lisa Carlsen, M\u00f8ebjergvej 4<br \/>\nVejansvarlig: Freddy Andersen, M\u00f8ebjergvej 3<br \/>\nKasserer: Kit Ervolder, M\u00f8ebjergvej 17<\/p>\n<p><strong>Nov 2014<\/strong><br \/>\nBestyrelsen byder velkommen til Freddy Andersen!<br \/>\nFreddy indtr\u00e6der som 1. suppleant p\u00e5 Jesper Madsens plads.<br \/>\nFreddy Andersen og Oliver Ree Deleuran deler ansvaret for vejene.<\/p>\n<p><strong>Maj 2014<\/strong><br \/>\nNyt nyhedsbrev er ude.<\/p>\n<p><strong>Nov 2013<\/strong><br \/>\nNu er nyheds mailen oppe og k\u00f8re. Tilmeld dig p\u00e5 forsiden og f\u00e5 nyt fra bestyrelsen og nyhedsbreve i din mailboks.<\/p>\n<p><strong>Sept 2013<\/strong><br \/>\nVores veje har i forbindelse med nedgravningen af el-kabler f\u00e5et noget revner. De er nu, efter henvendelse fra bestyrelsen, blevet forseglet af NCC.<\/p>\n","protected":false},"excerpt":{"rendered":"<p>Januar 2021 S\u00e5 startede endnu et \u00e5r og desv\u00e6rre pr\u00e6ger Covid-19 stadigv\u00e6k bestyrelsens arbejde. Foreningen mangler forsat at f\u00e5 behandlet de forslag der er stille ved generalforsamlingen 2020. Det er planlagt, at den ekstraordin\u00e6re generalforsamling vil blive afholdt tilst\u00f8dende til den ordin\u00e6re generalforsamling 2021. Mere info vil blive udsendt n\u00e5r vi n\u00e6rmer os den ordin\u00e6re<\/p><\/div>\n<div class=\"blog-btn\"><a href=\"https:\/\/moeebjerggaard.dk\/?page_id=110\" class=\"home-blog-btn\">L\u00e6s mere <\/a><\/p>\n","protected":false},"author":1,"featured_media":0,"parent":0,"menu_order":0,"comment_status":"closed","ping_status":"closed","template":"","meta":{"footnotes":""},"class_list":["post-110","page","type-page","status-publish","hentry"],"_links":{"self":[{"href":"https:\/\/moeebjerggaard.dk\/index.php?rest_route=\/wp\/v2\/pages\/110","targetHints":{"allow":["GET"]}}],"collection":[{"href":"https:\/\/moeebjerggaard.dk\/index.php?rest_route=\/wp\/v2\/pages"}],"about":[{"href":"https:\/\/moeebjerggaard.dk\/index.php?rest_route=\/wp\/v2\/types\/page"}],"author":[{"embeddable":true,"href":"https:\/\/moeebjerggaard.dk\/index.php?rest_route=\/wp\/v2\/users\/1"}],"replies":[{"embeddable":true,"href":"https:\/\/moeebjerggaard.dk\/index.php?rest_route=%2Fwp%2Fv2%2Fcomments&post=110"}],"version-history":[{"count":36,"href":"https:\/\/moeebjerggaard.dk\/index.php?rest_route=\/wp\/v2\/pages\/110\/revisions"}],"predecessor-version":[{"id":312,"href":"https:\/\/moeebjerggaard.dk\/index.php?rest_route=\/wp\/v2\/pages\/110\/revisions\/312"}],"wp:attachment":[{"href":"https:\/\/moeebjerggaard.dk\/index.php?rest_route=%2Fwp%2Fv2%2Fmedia&parent=110"}],"curies":[{"name":"wp","href":"https:\/\/api.w.org\/{rel}","templated":true}]}}