{"id":220,"date":"2019-01-28T18:07:28","date_gmt":"2019-01-28T17:07:28","guid":{"rendered":"https:\/\/moeebjerggaard.dk\/?page_id=220"},"modified":"2026-03-30T23:59:39","modified_gmt":"2026-03-30T21:59:39","slug":"general-forsamling-2019","status":"publish","type":"page","link":"https:\/\/moeebjerggaard.dk\/?page_id=220","title":{"rendered":"Ordin\u00e6r Generalforsamling 2027"},"content":{"rendered":"\n<p><strong>1.<\/strong><\/p>\n\n\n\n<p><strong>Forslagstiller<\/strong>: Thomas &#8211; Havrev\u00e6nget 5<\/p>\n\n\n\n<p><strong>Forslag<\/strong>: Bestyrelsen foresl\u00e5r at snerydnings ordningen forts\u00e6tter og der indbetales 700kr per. parcel.<\/p>\n\n\n\n<p><strong>2.<\/strong><\/p>\n\n\n\n<p><strong>Forslagstiller<\/strong>: Thomas &#8211; Havrev\u00e6nget 5<\/p>\n\n\n\n<p><strong>Forslag<\/strong>: Bestyrelsen foresl\u00e5r at snerydnings ordningen forts\u00e6tter og der indbetales 200kr per. parcel.<\/p>\n","protected":false},"excerpt":{"rendered":"<p>1. Forslagstiller: Thomas &#8211; Havrev\u00e6nget 5 Forslag: Bestyrelsen foresl\u00e5r at snerydnings ordningen forts\u00e6tter og der indbetales 700kr per. parcel. 2. Forslagstiller: Thomas &#8211; Havrev\u00e6nget 5 Forslag: Bestyrelsen foresl\u00e5r at snerydnings ordningen forts\u00e6tter og der indbetales 200kr per. parcel.<\/p>\n","protected":false},"author":1,"featured_media":0,"parent":0,"menu_order":0,"comment_status":"closed","ping_status":"closed","template":"","meta":{"footnotes":""},"class_list":["post-220","page","type-page","status-publish","hentry"],"_links":{"self":[{"href":"https:\/\/moeebjerggaard.dk\/index.php?rest_route=\/wp\/v2\/pages\/220","targetHints":{"allow":["GET"]}}],"collection":[{"href":"https:\/\/moeebjerggaard.dk\/index.php?rest_route=\/wp\/v2\/pages"}],"about":[{"href":"https:\/\/moeebjerggaard.dk\/index.php?rest_route=\/wp\/v2\/types\/page"}],"author":[{"embeddable":true,"href":"https:\/\/moeebjerggaard.dk\/index.php?rest_route=\/wp\/v2\/users\/1"}],"replies":[{"embeddable":true,"href":"https:\/\/moeebjerggaard.dk\/index.php?rest_route=%2Fwp%2Fv2%2Fcomments&post=220"}],"version-history":[{"count":34,"href":"https:\/\/moeebjerggaard.dk\/index.php?rest_route=\/wp\/v2\/pages\/220\/revisions"}],"predecessor-version":[{"id":482,"href":"https:\/\/moeebjerggaard.dk\/index.php?rest_route=\/wp\/v2\/pages\/220\/revisions\/482"}],"wp:attachment":[{"href":"https:\/\/moeebjerggaard.dk\/index.php?rest_route=%2Fwp%2Fv2%2Fmedia&parent=220"}],"curies":[{"name":"wp","href":"https:\/\/api.w.org\/{rel}","templated":true}]}}