{"id":55,"date":"2018-11-04T20:47:11","date_gmt":"2018-11-04T19:47:11","guid":{"rendered":"http:\/\/moeebjerggaard.dk\/?page_id=55"},"modified":"2026-04-13T23:30:38","modified_gmt":"2026-04-13T21:30:38","slug":"bestyrelsen","status":"publish","type":"page","link":"https:\/\/moeebjerggaard.dk\/","title":{"rendered":"Bestyrelsen"},"content":{"rendered":"<p><strong>Bestyrelsen<\/strong><br \/>\nGrundejerforeningens bestyrelse 2025\/2026 best\u00e5r af f\u00f8lgende personer:<\/p>\n<p>Formand:<br \/>\nThomas Cond\u00e9 Hansen, Havrev\u00e6nget 5<\/p>\n<p>N\u00e6stformand:<br \/>\nOliver Ree Deleuran, Havrev\u00e6nget 9<\/p>\n<p>Kasserer:<br \/>\nKit Ervolder, M\u00f8ebjergvej 17<\/p>\n<p>Materielforvalter:<br \/>\nShila Frank, M\u00f8ebjergvej 11<\/p>\n<p>Referent:<br \/>\nSusanne Jensen, M\u00f8ebjergvej 16<\/p>\n<p><strong>Bestyrelsesm\u00f8der<\/strong><\/p>\n<p>Bestyrelsen m\u00f8des typisk 5 til 6 gange \u00e5rligt eller efter behov.<br \/>\nHar du noget som du \u00f8nsker bestyrelsen skal tage op, s\u00e5 kontakt os endelig via kontakt@moeebjerggaard.dk<\/p>\n","protected":false},"excerpt":{"rendered":"<p>Bestyrelsen Grundejerforeningens bestyrelse 2025\/2026 best\u00e5r af f\u00f8lgende personer: Formand: Thomas Cond\u00e9 Hansen, Havrev\u00e6nget 5 N\u00e6stformand: Oliver Ree Deleuran, Havrev\u00e6nget 9 Kasserer: Kit Ervolder, M\u00f8ebjergvej 17 Materielforvalter: Shila Frank, M\u00f8ebjergvej 11 Referent: Susanne Jensen, M\u00f8ebjergvej 16 Bestyrelsesm\u00f8der Bestyrelsen m\u00f8des typisk 5 til 6 gange \u00e5rligt eller efter behov. Har du noget som du \u00f8nsker bestyrelsen skal<\/p><\/div>\n<div class=\"blog-btn\"><a href=\"https:\/\/moeebjerggaard.dk\/\" class=\"home-blog-btn\">L\u00e6s mere <\/a><\/p>\n","protected":false},"author":1,"featured_media":0,"parent":0,"menu_order":0,"comment_status":"closed","ping_status":"closed","template":"","meta":{"footnotes":""},"class_list":["post-55","page","type-page","status-publish","hentry"],"_links":{"self":[{"href":"https:\/\/moeebjerggaard.dk\/index.php?rest_route=\/wp\/v2\/pages\/55","targetHints":{"allow":["GET"]}}],"collection":[{"href":"https:\/\/moeebjerggaard.dk\/index.php?rest_route=\/wp\/v2\/pages"}],"about":[{"href":"https:\/\/moeebjerggaard.dk\/index.php?rest_route=\/wp\/v2\/types\/page"}],"author":[{"embeddable":true,"href":"https:\/\/moeebjerggaard.dk\/index.php?rest_route=\/wp\/v2\/users\/1"}],"replies":[{"embeddable":true,"href":"https:\/\/moeebjerggaard.dk\/index.php?rest_route=%2Fwp%2Fv2%2Fcomments&post=55"}],"version-history":[{"count":9,"href":"https:\/\/moeebjerggaard.dk\/index.php?rest_route=\/wp\/v2\/pages\/55\/revisions"}],"predecessor-version":[{"id":496,"href":"https:\/\/moeebjerggaard.dk\/index.php?rest_route=\/wp\/v2\/pages\/55\/revisions\/496"}],"wp:attachment":[{"href":"https:\/\/moeebjerggaard.dk\/index.php?rest_route=%2Fwp%2Fv2%2Fmedia&parent=55"}],"curies":[{"name":"wp","href":"https:\/\/api.w.org\/{rel}","templated":true}]}}